    {"id":578,"date":"2023-06-21T14:38:02","date_gmt":"2023-06-21T12:38:02","guid":{"rendered":"https:\/\/www.lrc.lu\/?page_id=578"},"modified":"2023-08-21T17:25:06","modified_gmt":"2023-08-21T15:25:06","slug":"wer-sind-wir","status":"publish","type":"page","link":"https:\/\/www.lrc.lu\/de\/ueber-uns\/wer-sind-wir\/","title":{"rendered":"Wer sind wir ?"},"content":{"rendered":"\n<div class=\"wp-block-cover alignfull is-light\" style=\"min-height:240px;aspect-ratio:unset;\"><span aria-hidden=\"true\" class=\"wp-block-cover__background has-background-dim-0 has-background-dim\"><\/span><img loading=\"lazy\" decoding=\"async\" width=\"1376\" height=\"280\" class=\"wp-block-cover__image-background wp-image-20\" alt=\"\" src=\"https:\/\/www.lrc.lu\/wp-content\/uploads\/2023\/06\/background_slide3.jpg\" data-object-fit=\"cover\"\/><div class=\"wp-block-cover__inner-container is-layout-flow wp-block-cover-is-layout-flow\">\n<p class=\"has-text-align-center has-large-font-size\"><\/p>\n<\/div><\/div>\n\n\n\n<h1 class=\"wp-block-heading alignwide\">Wer sind wir ?<\/h1>\n\n\n\n<div class=\"wp-block-group alignwide is-layout-flow wp-block-group-is-layout-flow\">\n<p>Der <strong>&#8222;Luxembourg Resuscitation Council&#8220;<\/strong> (L.R.C.) ist ein gemeinn\u00fctziger Verein.<br><br>Zweck des Vereins ist es, die Zusammenarbeit aller luxemburgischen und internationalen Organisationen zu f\u00f6rdern, die sich mit der Herz-Lungen-Wiederbelebung befassen( HLW).<br><br>Ziel ist es, Menschenleben zu retten, indem es das Niveau der kardiopulmonalen Reanimation im Gro\u00dfherzogtum Luxemburg f\u00f6rdert und weiter entwickelt.<br><br>Die Haupthandlungslinien sind:<br>1. Entwicklung, Weiterverfolgung der HLW-Empfehlungen und Unterst\u00fctzung eines einheitlichen HLW-Unterrichts auf Landesebene<br>2. F\u00f6rderung und Unterst\u00fctzung von Methoden zur Erfassung und Bewertung von Reanimationsma\u00dfnahmen, die in einem Register zusammengefasst sind<br>3. F\u00f6rderung und Unterst\u00fctzung der wissenschaftlichen Forschung auf dem Gebiet der kardiopulmonalen Reanimation<br>4. F\u00f6rderung der HLW bei privat Personen, Beh\u00f6rden und Politikern<br>5. Organisation und Unterst\u00fctzung von wissenschaftlichen Tagungen auf dem Gebiet der HLW<br>6. Die F\u00f6rderung und \u00dcberwachung nationaler Projekte<\/p>\n\n\n\n<p>Der 2008 gegr\u00fcndete LRC hat seither mehr als 16 verschiedene nationale Organisationen zusammengef\u00fchrt. Mit der Unterzeichnung eines bilateralen Abkommens vertritt der LRC die Interessen des <strong>European Resuscitation Council<\/strong> in Luxemburg.<\/p>\n\n\n\n<hr class=\"wp-block-separator has-alpha-channel-opacity\"\/>\n\n\n\n<p><a href=\"https:\/\/www.lrc.lu\/de\/ueber-uns\/statuts-lrc\">Statuts LRC<\/a><\/p>\n\n\n\n<p><a href=\"https:\/\/www.lrc.lu\/de\/ueber-uns\/conseil-dadministration-lrc\/\" data-type=\"page\" data-id=\"842\">Verwaltungsrat LRC<\/a><\/p>\n\n\n\n<hr class=\"wp-block-separator has-alpha-channel-opacity\"\/>\n<\/div>\n","protected":false},"excerpt":{"rendered":"<p>Wer sind wir ? Der &#8222;Luxembourg Resuscitation Council&#8220; (L.R.C.) ist ein gemeinn\u00fctziger Verein. Zweck des Vereins ist es, die Zusammenarbeit aller luxemburgischen und internationalen Organisationen zu f\u00f6rdern, die sich mit der Herz-Lungen-Wiederbelebung befassen( HLW). Ziel ist es, Menschenleben zu retten, indem es das Niveau der kardiopulmonalen Reanimation im Gro\u00dfherzogtum Luxemburg f\u00f6rdert und weiter entwickelt. Die [&hellip;]<\/p>\n","protected":false},"author":1,"featured_media":0,"parent":597,"menu_order":0,"comment_status":"closed","ping_status":"closed","template":"","meta":{"footnotes":""},"class_list":["post-578","page","type-page","status-publish","hentry"],"_links":{"self":[{"href":"https:\/\/www.lrc.lu\/de\/wp-json\/wp\/v2\/pages\/578","targetHints":{"allow":["GET"]}}],"collection":[{"href":"https:\/\/www.lrc.lu\/de\/wp-json\/wp\/v2\/pages"}],"about":[{"href":"https:\/\/www.lrc.lu\/de\/wp-json\/wp\/v2\/types\/page"}],"author":[{"embeddable":true,"href":"https:\/\/www.lrc.lu\/de\/wp-json\/wp\/v2\/users\/1"}],"replies":[{"embeddable":true,"href":"https:\/\/www.lrc.lu\/de\/wp-json\/wp\/v2\/comments?post=578"}],"version-history":[{"count":4,"href":"https:\/\/www.lrc.lu\/de\/wp-json\/wp\/v2\/pages\/578\/revisions"}],"predecessor-version":[{"id":900,"href":"https:\/\/www.lrc.lu\/de\/wp-json\/wp\/v2\/pages\/578\/revisions\/900"}],"up":[{"embeddable":true,"href":"https:\/\/www.lrc.lu\/de\/wp-json\/wp\/v2\/pages\/597"}],"wp:attachment":[{"href":"https:\/\/www.lrc.lu\/de\/wp-json\/wp\/v2\/media?parent=578"}],"curies":[{"name":"wp","href":"https:\/\/api.w.org\/{rel}","templated":true}]}}