    {"id":591,"date":"2023-06-20T16:26:45","date_gmt":"2023-06-20T14:26:45","guid":{"rendered":"https:\/\/www.lrc.lu\/?page_id=591"},"modified":"2023-06-26T12:42:42","modified_gmt":"2023-06-26T10:42:42","slug":"spenden","status":"publish","type":"page","link":"https:\/\/www.lrc.lu\/de\/ueber-uns\/spenden\/","title":{"rendered":"Spenden"},"content":{"rendered":"\n<div class=\"wp-block-cover alignfull is-light\" style=\"min-height:225px;aspect-ratio:unset;\"><span aria-hidden=\"true\" class=\"wp-block-cover__background has-background-dim-0 has-background-dim\"><\/span><img loading=\"lazy\" decoding=\"async\" width=\"1376\" height=\"280\" class=\"wp-block-cover__image-background wp-image-20\" alt=\"\" src=\"https:\/\/www.lrc.lu\/wp-content\/uploads\/2023\/06\/background_slide3.jpg\" data-object-fit=\"cover\"\/><div class=\"wp-block-cover__inner-container is-layout-flow wp-block-cover-is-layout-flow\">\n<p class=\"has-text-align-center has-large-font-size\"><\/p>\n<\/div><\/div>\n\n\n\n<h1 class=\"wp-block-heading\">Spenden<\/h1>\n\n\n\n<h2 class=\"wp-block-heading\">Unterst\u00fctzen Sie uns mit einer Spende<\/h2>\n\n\n\n<p>Helfen Sie uns, unsere Aktionen fortzusetzen, um Leben zu retten.<\/p>\n\n\n\n<p><strong>Per Bank\u00fcberweisung:<\/strong><\/p>\n\n\n\n<p><strong>IBAN: LU16 0019 2955 5247 4000<br>BIC-SWIFT: BCEELULL<\/strong><\/p>\n\n\n\n<p>Der Luxembourg Resuscitation Council dankt Ihnen f\u00fcr Ihre Unterst\u00fctzung.<\/p>\n","protected":false},"excerpt":{"rendered":"<p>Spenden Unterst\u00fctzen Sie uns mit einer Spende Helfen Sie uns, unsere Aktionen fortzusetzen, um Leben zu retten. Per Bank\u00fcberweisung: IBAN: LU16 0019 2955 5247 4000BIC-SWIFT: BCEELULL Der Luxembourg Resuscitation Council dankt Ihnen f\u00fcr Ihre Unterst\u00fctzung.<\/p>\n","protected":false},"author":1,"featured_media":0,"parent":597,"menu_order":6,"comment_status":"closed","ping_status":"closed","template":"","meta":{"footnotes":""},"class_list":["post-591","page","type-page","status-publish","hentry"],"_links":{"self":[{"href":"https:\/\/www.lrc.lu\/de\/wp-json\/wp\/v2\/pages\/591","targetHints":{"allow":["GET"]}}],"collection":[{"href":"https:\/\/www.lrc.lu\/de\/wp-json\/wp\/v2\/pages"}],"about":[{"href":"https:\/\/www.lrc.lu\/de\/wp-json\/wp\/v2\/types\/page"}],"author":[{"embeddable":true,"href":"https:\/\/www.lrc.lu\/de\/wp-json\/wp\/v2\/users\/1"}],"replies":[{"embeddable":true,"href":"https:\/\/www.lrc.lu\/de\/wp-json\/wp\/v2\/comments?post=591"}],"version-history":[{"count":1,"href":"https:\/\/www.lrc.lu\/de\/wp-json\/wp\/v2\/pages\/591\/revisions"}],"predecessor-version":[{"id":592,"href":"https:\/\/www.lrc.lu\/de\/wp-json\/wp\/v2\/pages\/591\/revisions\/592"}],"up":[{"embeddable":true,"href":"https:\/\/www.lrc.lu\/de\/wp-json\/wp\/v2\/pages\/597"}],"wp:attachment":[{"href":"https:\/\/www.lrc.lu\/de\/wp-json\/wp\/v2\/media?parent=591"}],"curies":[{"name":"wp","href":"https:\/\/api.w.org\/{rel}","templated":true}]}}