    {"id":593,"date":"2023-06-21T12:18:53","date_gmt":"2023-06-21T10:18:53","guid":{"rendered":"https:\/\/www.lrc.lu\/?page_id=593"},"modified":"2023-06-26T14:01:10","modified_gmt":"2023-06-26T12:01:10","slug":"newsletter-abonnieren","status":"publish","type":"page","link":"https:\/\/www.lrc.lu\/de\/ueber-uns\/newsletter-abonnieren\/","title":{"rendered":"Newsletter abonnieren"},"content":{"rendered":"\n<div class=\"wp-block-cover alignfull is-light\" style=\"min-height:216px;aspect-ratio:unset;\"><span aria-hidden=\"true\" class=\"wp-block-cover__background has-background-dim-0 has-background-dim\"><\/span><img loading=\"lazy\" decoding=\"async\" width=\"1376\" height=\"280\" class=\"wp-block-cover__image-background wp-image-20\" alt=\"\" src=\"https:\/\/www.lrc.lu\/wp-content\/uploads\/2023\/06\/background_slide3.jpg\" data-object-fit=\"cover\"\/><div class=\"wp-block-cover__inner-container is-layout-flow wp-block-cover-is-layout-flow\">\n<p class=\"has-text-align-center has-large-font-size\"><\/p>\n<\/div><\/div>\n\n\n\n<h1 class=\"wp-block-heading alignwide\">Newsletter abonnieren<\/h1>\n\n\n\n<div class=\"wp-block-group alignwide is-layout-flow wp-block-group-is-layout-flow\">\n<p>Abonnieren Sie unsere Newsletter.<\/p>\n\n\n\n<!-- Begin Mailchimp Signup Form -->\n<div id=\"mc_embed_signup\"><form id=\"mc-embedded-subscribe-form\" class=\"validate\" action=\"https:\/\/lrc.us20.list-manage.com\/subscribe\/post?u=6b4f79febffef74c6ceeb2772&amp;id=afc676859e\" method=\"post\" name=\"mc-embedded-subscribe-form\" novalidate=\"\" target=\"_blank\">\n<div id=\"mc_embed_signup_scroll\">\n<h2>Abonnieren.<\/h2>\n<div class=\"indicates-required\" style=\"padding-bottom: 5px; font-size: 80%;\"><span class=\"asterisk\">*<\/span> Pflichtfelder<\/div>\n<div class=\"mc-field-group\" style=\"padding-top: 5px;\"><label for=\"mce-EMAIL\">Email<span class=\"asterisk\">*<\/span> <\/label> <input id=\"mce-EMAIL\" class=\"required email\" name=\"EMAIL\" type=\"email\" value=\"\" \/><\/div>\n<div class=\"mc-field-group\"><label for=\"mce-FNAME\">Vorname<\/label> <input id=\"mce-FNAME\" class=\"\" name=\"FNAME\" type=\"text\" value=\"\" \/><\/div>\n<div class=\"mc-field-group\"><label for=\"mce-LNAME\">Name<\/label> <input id=\"mce-LNAME\" class=\"\" name=\"LNAME\" type=\"text\" value=\"\" \/><\/div>\n<div id=\"mergeRow-gdpr\" class=\"mergeRow gdpr-mergeRow content__gdprBlock mc-field-group\">\n<div class=\"content__gdpr\"><label>Berechtigung um Sie zu kontaktieren<\/label>\n<p>W\u00e4hlen Sie wie LRC Sie kontaktieren kann<\/p>\n<fieldset class=\"mc_fieldset gdprRequired mc-field-group\" name=\"interestgroup_field\"><label class=\"checkbox subfield\" for=\"gdpr_21945\"><input id=\"gdpr_21945\" class=\"av-checkbox gdpr\" name=\"gdpr[21945]\" type=\"checkbox\" value=\"Y\" \/>Email <\/label><\/fieldset>\n<p>Sie k\u00f6nnen sich jederzeit wieder abmelden, indem Sie auf den Link in der Fu\u00dfzeile unserer E-Mails klicken. F\u00fcr weitere Informationen \u00fcber unsere Datenschutzpraktiken besuchen Sie bitte unsere Website.<\/p>\n<\/div>\n<div class=\"content__gdprLegal\">\n<p>Wir nutzen Mailchimp als unsere Marketingplattform. Indem Sie unten klicken, um sich anzumelden, best\u00e4tigen Sie, dass Ihre Daten zur Verarbeitung an Mailchimp \u00fcbertragen werden.<\/p>\n<\/div>\n<\/div>\n<div id=\"mce-responses\" class=\"clear\">\n<div id=\"mce-error-response\" class=\"response\" style=\"display: none;\">\u00a0<\/div>\n<div id=\"mce-success-response\" class=\"response\" style=\"display: none;\">\u00a0<\/div>\n<\/div>\n<!-- real people should not fill this in and expect good things - do not remove this or risk form bot signups-->\n<div style=\"position: absolute; left: -5000px;\" aria-hidden=\"true\"><input tabindex=\"-1\" name=\"b_6b4f79febffef74c6ceeb2772_afc676859e\" type=\"text\" value=\"\" \/><\/div>\n<div class=\"clear\"><input id=\"mc-embedded-subscribe\" class=\"button\" name=\"subscribe\" type=\"submit\" value=\"Abonnieren\" \/><\/div>\n<\/div>\n<\/form><\/div>\n<!--End mc_embed_signup-->\n<\/div>\n","protected":false},"excerpt":{"rendered":"<p>Newsletter abonnieren Abonnieren Sie unsere Newsletter. Abonnieren. * Pflichtfelder Email* Vorname Name Berechtigung um Sie zu kontaktieren W\u00e4hlen Sie wie LRC Sie kontaktieren kann Email Sie k\u00f6nnen sich jederzeit wieder abmelden, indem Sie auf den Link in der Fu\u00dfzeile unserer E-Mails klicken. F\u00fcr weitere Informationen \u00fcber unsere Datenschutzpraktiken besuchen Sie bitte unsere Website. Wir nutzen [&hellip;]<\/p>\n","protected":false},"author":1,"featured_media":0,"parent":597,"menu_order":7,"comment_status":"closed","ping_status":"closed","template":"","meta":{"footnotes":""},"class_list":["post-593","page","type-page","status-publish","hentry"],"_links":{"self":[{"href":"https:\/\/www.lrc.lu\/de\/wp-json\/wp\/v2\/pages\/593","targetHints":{"allow":["GET"]}}],"collection":[{"href":"https:\/\/www.lrc.lu\/de\/wp-json\/wp\/v2\/pages"}],"about":[{"href":"https:\/\/www.lrc.lu\/de\/wp-json\/wp\/v2\/types\/page"}],"author":[{"embeddable":true,"href":"https:\/\/www.lrc.lu\/de\/wp-json\/wp\/v2\/users\/1"}],"replies":[{"embeddable":true,"href":"https:\/\/www.lrc.lu\/de\/wp-json\/wp\/v2\/comments?post=593"}],"version-history":[{"count":2,"href":"https:\/\/www.lrc.lu\/de\/wp-json\/wp\/v2\/pages\/593\/revisions"}],"predecessor-version":[{"id":596,"href":"https:\/\/www.lrc.lu\/de\/wp-json\/wp\/v2\/pages\/593\/revisions\/596"}],"up":[{"embeddable":true,"href":"https:\/\/www.lrc.lu\/de\/wp-json\/wp\/v2\/pages\/597"}],"wp:attachment":[{"href":"https:\/\/www.lrc.lu\/de\/wp-json\/wp\/v2\/media?parent=593"}],"curies":[{"name":"wp","href":"https:\/\/api.w.org\/{rel}","templated":true}]}}