    {"id":678,"date":"2023-06-27T11:44:27","date_gmt":"2023-06-27T09:44:27","guid":{"rendered":"https:\/\/www.lrc.lu\/?page_id=678"},"modified":"2023-07-31T11:55:32","modified_gmt":"2023-07-31T09:55:32","slug":"ueberlebenskette","status":"publish","type":"page","link":"https:\/\/www.lrc.lu\/de\/reagis\/ueberlebenskette\/","title":{"rendered":"\u00dcberlebenskette"},"content":{"rendered":"\n<div class=\"wp-block-cover alignfull is-light\"><span aria-hidden=\"true\" class=\"wp-block-cover__background has-background-dim-0 has-background-dim\"><\/span><img loading=\"lazy\" decoding=\"async\" width=\"1300\" height=\"280\" class=\"wp-block-cover__image-background wp-image-862\" alt=\"\" src=\"https:\/\/www.lrc.lu\/wp-content\/uploads\/2023\/07\/banner-reagis-herzstillstand.jpg\" data-object-fit=\"cover\" srcset=\"https:\/\/www.lrc.lu\/wp-content\/uploads\/2023\/07\/banner-reagis-herzstillstand.jpg 1300w, https:\/\/www.lrc.lu\/wp-content\/uploads\/2023\/07\/banner-reagis-herzstillstand-300x65.jpg 300w, https:\/\/www.lrc.lu\/wp-content\/uploads\/2023\/07\/banner-reagis-herzstillstand-1024x221.jpg 1024w, https:\/\/www.lrc.lu\/wp-content\/uploads\/2023\/07\/banner-reagis-herzstillstand-768x165.jpg 768w\" sizes=\"auto, (max-width: 1300px) 100vw, 1300px\" \/><div class=\"wp-block-cover__inner-container is-layout-flow wp-block-cover-is-layout-flow\">\n<p class=\"has-text-align-center has-large-font-size\"><\/p>\n<\/div><\/div>\n\n\n\n<h1 class=\"wp-block-heading alignwide\">\u00dcberlebenskette<\/h1>\n\n\n\n<div class=\"wp-block-group alignwide is-layout-flow wp-block-group-is-layout-flow\">\n<p><strong>Mache die rettenden Handgriffe<\/strong><\/p>\n\n\n\n<div class=\"wp-block-columns is-layout-flex wp-container-core-columns-is-layout-28f84493 wp-block-columns-is-layout-flex\">\n<div class=\"wp-block-column is-layout-flow wp-block-column-is-layout-flow\">\n<figure class=\"wp-block-image aligncenter size-full is-resized\"><img decoding=\"async\" src=\"https:\/\/www.lrc.lu\/wp-content\/uploads\/2023\/06\/reagis_kette1.png\" alt=\"\" class=\"wp-image-679\" width=\"218\"\/><\/figure>\n\n\n\n<p>\u00dcberzeuge dich, dass du und die betroffene Person in einer sicheren Umgebung sind. Alarmiere den Rettungsdienst. Sag wo du bist: Ort, Stra\u00dfe, Hausnummer, Stockwerk und Residenz. Beschreibe kurz den Zustand des Notfallopfers (bewusstlos, atmet nicht, blasse oder blaue Hautfarbe). Lege nicht sofort auf, folge den Anweisungen des 112 und beantworte die Fragen.<\/p>\n<\/div>\n\n\n\n<div class=\"wp-block-column is-layout-flow wp-block-column-is-layout-flow\">\n<figure class=\"wp-block-image aligncenter size-full is-resized\"><img decoding=\"async\" src=\"https:\/\/www.lrc.lu\/wp-content\/uploads\/2023\/06\/reagis_kette2.png\" alt=\"\" class=\"wp-image-681\" width=\"218\"\/><\/figure>\n\n\n\n<p>Lege das Notfallopfer auf den R\u00fccken auf eine harte Oberfl\u00e4che. Knie seitlich am Notfallopfer, lege die Ballen einer Hand auf die Mitte der Brust des Patienten (untere H\u00e4lfte des Brustbeins), lege den Ballen der anderen Hand auf die erste Hand und verschr\u00e4nke die Finger deiner H\u00e4nde ineinander. Dr\u00fccke das Brustbein +\/- 5 bis 6\u2009cm nach unten. Entlaste nach jeder Herzdruckmassage vollst\u00e4ndig den Brustkorb. Die Herzdruck- massage muss 120 mal in der Minute erfolgen. Hast du an einem Rettungskurs teilgenommen, kannst du die Herzdruckmassage mit der Beatmung (Mund zu Mund) kombinieren. 2 Beatmungsh\u00fcbe alle 30 Herzdruckmassagen. Fahre mit der Herzdruckmassage solange fort bis der Patient wach wird, oder der Rettungsdienst eintrifft.<\/p>\n<\/div>\n\n\n\n<div class=\"wp-block-column is-layout-flow wp-block-column-is-layout-flow\">\n<figure class=\"wp-block-image aligncenter size-full is-resized\"><img decoding=\"async\" src=\"https:\/\/www.lrc.lu\/wp-content\/uploads\/2023\/06\/reagis_kette3.png\" alt=\"\" class=\"wp-image-683\" width=\"218\"\/><\/figure>\n\n\n\n<p>Wenn eine weitere Person bei dir ist, soll sie einen Defibrillator holen. Dieser ist einfach zu benutzen. Schalte den Defibrillator ein und folge unverz\u00fcglich den gesprochenen Anweisungen des Ger\u00e4tes bis zum Eintreffen des Rettungsdienstes. Unter dem Punkt Standorte, findest du eine Liste mit den Standorte der Defibrillatoren in Luxemburg.<\/p>\n<\/div>\n<\/div>\n<\/div>\n","protected":false},"excerpt":{"rendered":"<p>\u00dcberlebenskette Mache die rettenden Handgriffe \u00dcberzeuge dich, dass du und die betroffene Person in einer sicheren Umgebung sind. Alarmiere den Rettungsdienst. Sag wo du bist: Ort, Stra\u00dfe, Hausnummer, Stockwerk und Residenz. Beschreibe kurz den Zustand des Notfallopfers (bewusstlos, atmet nicht, blasse oder blaue Hautfarbe). Lege nicht sofort auf, folge den Anweisungen des 112 und beantworte [&hellip;]<\/p>\n","protected":false},"author":1,"featured_media":0,"parent":688,"menu_order":0,"comment_status":"closed","ping_status":"closed","template":"","meta":{"footnotes":""},"class_list":["post-678","page","type-page","status-publish","hentry"],"_links":{"self":[{"href":"https:\/\/www.lrc.lu\/de\/wp-json\/wp\/v2\/pages\/678","targetHints":{"allow":["GET"]}}],"collection":[{"href":"https:\/\/www.lrc.lu\/de\/wp-json\/wp\/v2\/pages"}],"about":[{"href":"https:\/\/www.lrc.lu\/de\/wp-json\/wp\/v2\/types\/page"}],"author":[{"embeddable":true,"href":"https:\/\/www.lrc.lu\/de\/wp-json\/wp\/v2\/users\/1"}],"replies":[{"embeddable":true,"href":"https:\/\/www.lrc.lu\/de\/wp-json\/wp\/v2\/comments?post=678"}],"version-history":[{"count":2,"href":"https:\/\/www.lrc.lu\/de\/wp-json\/wp\/v2\/pages\/678\/revisions"}],"predecessor-version":[{"id":865,"href":"https:\/\/www.lrc.lu\/de\/wp-json\/wp\/v2\/pages\/678\/revisions\/865"}],"up":[{"embeddable":true,"href":"https:\/\/www.lrc.lu\/de\/wp-json\/wp\/v2\/pages\/688"}],"wp:attachment":[{"href":"https:\/\/www.lrc.lu\/de\/wp-json\/wp\/v2\/media?parent=678"}],"curies":[{"name":"wp","href":"https:\/\/api.w.org\/{rel}","templated":true}]}}