    {"id":686,"date":"2023-06-27T11:56:36","date_gmt":"2023-06-27T09:56:36","guid":{"rendered":"https:\/\/www.lrc.lu\/?page_id=686"},"modified":"2023-07-31T11:55:54","modified_gmt":"2023-07-31T09:55:54","slug":"defibrillator","status":"publish","type":"page","link":"https:\/\/www.lrc.lu\/de\/reagis\/defibrillator\/","title":{"rendered":"Defibrillator"},"content":{"rendered":"\n<div class=\"wp-block-cover alignfull is-light\"><span aria-hidden=\"true\" class=\"wp-block-cover__background has-background-dim-0 has-background-dim\"><\/span><img loading=\"lazy\" decoding=\"async\" width=\"1300\" height=\"280\" class=\"wp-block-cover__image-background wp-image-862\" alt=\"\" src=\"https:\/\/www.lrc.lu\/wp-content\/uploads\/2023\/07\/banner-reagis-herzstillstand.jpg\" data-object-fit=\"cover\" srcset=\"https:\/\/www.lrc.lu\/wp-content\/uploads\/2023\/07\/banner-reagis-herzstillstand.jpg 1300w, https:\/\/www.lrc.lu\/wp-content\/uploads\/2023\/07\/banner-reagis-herzstillstand-300x65.jpg 300w, https:\/\/www.lrc.lu\/wp-content\/uploads\/2023\/07\/banner-reagis-herzstillstand-1024x221.jpg 1024w, https:\/\/www.lrc.lu\/wp-content\/uploads\/2023\/07\/banner-reagis-herzstillstand-768x165.jpg 768w\" sizes=\"auto, (max-width: 1300px) 100vw, 1300px\" \/><div class=\"wp-block-cover__inner-container is-layout-flow wp-block-cover-is-layout-flow\">\n<p class=\"has-text-align-center has-large-font-size\"><\/p>\n<\/div><\/div>\n\n\n\n<h1 class=\"wp-block-heading alignwide\">Defibrillator<\/h1>\n\n\n\n<div class=\"wp-block-group alignwide is-layout-flow wp-block-group-is-layout-flow\">\n<p><strong>Entdecke den Apparat<\/strong><\/p>\n\n\n\n<figure class=\"wp-block-image aligncenter size-full is-resized\"><img loading=\"lazy\" decoding=\"async\" src=\"https:\/\/www.lrc.lu\/wp-content\/uploads\/2023\/06\/reagis-defibrillateur1.jpg\" alt=\"\" class=\"wp-image-656\" width=\"640\" height=\"369\"\/><figcaption class=\"wp-element-caption\"><strong>1.&nbsp;<\/strong>Ziehe mit einem kr\u00e4ftigen Ruck an der Klappe des Defibrillators.<\/figcaption><\/figure>\n\n\n\n<figure class=\"wp-block-image aligncenter size-full is-resized\"><img loading=\"lazy\" decoding=\"async\" src=\"https:\/\/www.lrc.lu\/wp-content\/uploads\/2023\/06\/reagis-defibrillateur2.jpg\" alt=\"\" class=\"wp-image-658\" width=\"640\" height=\"378\"\/><figcaption class=\"wp-element-caption\"><strong>2.<\/strong>&nbsp;Entnehme den Defibrillator.<\/figcaption><\/figure>\n\n\n\n<figure class=\"wp-block-image aligncenter size-full is-resized\"><img decoding=\"async\" src=\"https:\/\/www.lrc.lu\/wp-content\/uploads\/2023\/06\/reagis-defibrillateur3.jpg\" alt=\"\" class=\"wp-image-661\" width=\"640\"\/><figcaption class=\"wp-element-caption\"><strong>3.&nbsp;<\/strong>Setze die Herzdruckmassage fort, w\u00e4hrend eine dritte Person den Defibrillator vorbereitet.<\/figcaption><\/figure>\n\n\n\n<figure class=\"wp-block-image aligncenter size-full is-resized\"><img decoding=\"async\" src=\"https:\/\/www.lrc.lu\/wp-content\/uploads\/2023\/06\/reagis-defibrillateur4.jpg\" alt=\"\" class=\"wp-image-664\" width=\"640\"\/><figcaption class=\"wp-element-caption\"><strong>4.&nbsp;<\/strong>Klebe die zwei Elektroden wie angegeben auf das Opfer.<\/figcaption><\/figure>\n\n\n\n<figure class=\"wp-block-image aligncenter size-full is-resized\"><img decoding=\"async\" src=\"https:\/\/www.lrc.lu\/wp-content\/uploads\/2023\/06\/reagis-defibrillateur5.jpg\" alt=\"\" class=\"wp-image-667\" width=\"640\"\/><figcaption class=\"wp-element-caption\"><strong>5.&nbsp;<\/strong>Achte darauf das Opfer nicht zu ber\u00fchren w\u00e4hrend der Defibrillator seine Analyse durchf\u00fchrt und das Opfer defibrilliert.<\/figcaption><\/figure>\n\n\n\n<figure class=\"wp-block-image aligncenter size-full is-resized\"><img decoding=\"async\" src=\"https:\/\/www.lrc.lu\/wp-content\/uploads\/2023\/06\/reagis-defibrillateur6.jpg\" alt=\"\" class=\"wp-image-670\" width=\"640\"\/><figcaption class=\"wp-element-caption\"><strong>6.&nbsp;<\/strong>Folge den Angaben des Apparates und nimm gegebenenfalls die Herzdruckmassage wieder auf.<\/figcaption><\/figure>\n<\/div>\n\n\n\n<p><\/p>\n","protected":false},"excerpt":{"rendered":"<p>Defibrillator Entdecke den Apparat<\/p>\n","protected":false},"author":1,"featured_media":0,"parent":688,"menu_order":1,"comment_status":"closed","ping_status":"closed","template":"","meta":{"footnotes":""},"class_list":["post-686","page","type-page","status-publish","hentry"],"_links":{"self":[{"href":"https:\/\/www.lrc.lu\/de\/wp-json\/wp\/v2\/pages\/686","targetHints":{"allow":["GET"]}}],"collection":[{"href":"https:\/\/www.lrc.lu\/de\/wp-json\/wp\/v2\/pages"}],"about":[{"href":"https:\/\/www.lrc.lu\/de\/wp-json\/wp\/v2\/types\/page"}],"author":[{"embeddable":true,"href":"https:\/\/www.lrc.lu\/de\/wp-json\/wp\/v2\/users\/1"}],"replies":[{"embeddable":true,"href":"https:\/\/www.lrc.lu\/de\/wp-json\/wp\/v2\/comments?post=686"}],"version-history":[{"count":3,"href":"https:\/\/www.lrc.lu\/de\/wp-json\/wp\/v2\/pages\/686\/revisions"}],"predecessor-version":[{"id":866,"href":"https:\/\/www.lrc.lu\/de\/wp-json\/wp\/v2\/pages\/686\/revisions\/866"}],"up":[{"embeddable":true,"href":"https:\/\/www.lrc.lu\/de\/wp-json\/wp\/v2\/pages\/688"}],"wp:attachment":[{"href":"https:\/\/www.lrc.lu\/de\/wp-json\/wp\/v2\/media?parent=686"}],"curies":[{"name":"wp","href":"https:\/\/api.w.org\/{rel}","templated":true}]}}